{"id":6448,"date":"2023-08-31T16:21:51","date_gmt":"2023-08-31T16:21:51","guid":{"rendered":"https:\/\/www.vanreusel.eu\/?page_id=6448"},"modified":"2023-12-19T12:48:09","modified_gmt":"2023-12-19T12:48:09","slug":"contacteer-ons","status":"publish","type":"page","link":"https:\/\/www.vanreusel.eu\/nl\/contacteer-ons\/","title":{"rendered":"Contacteer ons"},"content":{"rendered":"<p>[et_pb_section fb_built=&#8221;1&#8243; admin_label=&#8221;intro&#8221; module_class=&#8221;category-header&#8221; _builder_version=&#8221;4.21.2&#8243; _module_preset=&#8221;default&#8221; background_color=&#8221;#FCD60F&#8221; background_image=&#8221;https:\/\/www.vanreusel.eu\/wp-content\/uploads\/2023\/06\/bg_yellow_header.png&#8221; min_height=&#8221;640px&#8221; min_height_tablet=&#8221;600px&#8221; min_height_phone=&#8221;400px&#8221; min_height_last_edited=&#8221;on|phone&#8221; height=&#8221;36vw&#8221; custom_padding=&#8221;||||false|false&#8221; background_last_edited=&#8221;off|tablet&#8221; background_position_phone=&#8221;center_left&#8221; custom_css_main_element=&#8221;display: flex;&#8221; da_disable_devices=&#8221;off|off|off&#8221; locked=&#8221;off&#8221; global_colors_info=&#8221;{}&#8221; da_is_popup=&#8221;off&#8221; da_exit_intent=&#8221;off&#8221; da_has_close=&#8221;on&#8221; da_alt_close=&#8221;off&#8221; da_dark_close=&#8221;off&#8221; da_not_modal=&#8221;on&#8221; da_is_singular=&#8221;off&#8221; da_with_loader=&#8221;off&#8221; da_has_shadow=&#8221;on&#8221;][et_pb_row admin_label=&#8221;text&#8221; module_class=&#8221;uw-row&#8221; _builder_version=&#8221;4.21.2&#8243; _module_preset=&#8221;default&#8221; width=&#8221;100%&#8221; max_width=&#8221;1200px&#8221; custom_margin=&#8221;||||false|false&#8221; custom_padding=&#8221;|30px||30px|false|false&#8221; global_colors_info=&#8221;{}&#8221;][et_pb_column type=&#8221;4_4&#8243; _builder_version=&#8221;4.20.2&#8243; _module_preset=&#8221;default&#8221; global_colors_info=&#8221;{}&#8221;][et_pb_text _builder_version=&#8221;4.21.2&#8243; _module_preset=&#8221;a43308f3-932d-4ecd-aabc-9b30d6ca17d0&#8243; header_3_text_color=&#8221;#CE3046&#8243; custom_margin=&#8221;||0.5rem||false|false&#8221; custom_padding=&#8221;||||false|false&#8221; global_colors_info=&#8221;{}&#8221;]<\/p>\n<h3>Vanreusel<\/h3>\n<p>[\/et_pb_text][et_pb_text _builder_version=&#8221;4.21.2&#8243; _module_preset=&#8221;afe36eff-8cd5-468a-abf2-7bef034fc910&#8243; header_font_size_tablet=&#8221;4rem&#8221; global_colors_info=&#8221;{}&#8221;]<\/p>\n<h1>Contacteer ons<\/h1>\n<p>[\/et_pb_text][\/et_pb_column][\/et_pb_row][et_pb_row disabled_on=&#8221;off|off|off&#8221; admin_label=&#8221;bg&#8221; module_class=&#8221;_ukiyo page-header-decor&#8221; _builder_version=&#8221;4.21.2&#8243; _module_preset=&#8221;default&#8221; background_enable_image=&#8221;off&#8221; background_size=&#8221;custom&#8221; background_image_width=&#8221;60%&#8221; background_position=&#8221;bottom_center&#8221; positioning=&#8221;absolute&#8221; position_origin_a=&#8221;bottom_center&#8221; width=&#8221;100%&#8221; max_width=&#8221;100%&#8221; height=&#8221;100%&#8221; custom_padding=&#8221;0px|0px|0px|0px|false|false&#8221; background_last_edited=&#8221;on|tablet&#8221; background_image_width_tablet=&#8221;100%&#8221; global_colors_info=&#8221;{}&#8221;][et_pb_column type=&#8221;4_4&#8243; _builder_version=&#8221;4.21.2&#8243; _module_preset=&#8221;default&#8221; global_colors_info=&#8221;{}&#8221;][\/et_pb_column][\/et_pb_row][\/et_pb_section][et_pb_section fb_built=&#8221;1&#8243; _builder_version=&#8221;4.20.2&#8243; _module_preset=&#8221;default&#8221; da_disable_devices=&#8221;off|off|off&#8221; global_colors_info=&#8221;{}&#8221; da_is_popup=&#8221;off&#8221; da_exit_intent=&#8221;off&#8221; da_has_close=&#8221;on&#8221; da_alt_close=&#8221;off&#8221; da_dark_close=&#8221;off&#8221; da_not_modal=&#8221;on&#8221; da_is_singular=&#8221;off&#8221; da_with_loader=&#8221;off&#8221; da_has_shadow=&#8221;on&#8221;][et_pb_row _builder_version=&#8221;4.20.2&#8243; _module_preset=&#8221;default&#8221; locked=&#8221;off&#8221; global_colors_info=&#8221;{}&#8221;][et_pb_column type=&#8221;4_4&#8243; _builder_version=&#8221;4.20.2&#8243; _module_preset=&#8221;default&#8221; global_colors_info=&#8221;{}&#8221;][et_pb_text _builder_version=&#8221;4.20.2&#8243; _module_preset=&#8221;e2381f4c-ac4f-443e-94c3-22f090a45fde&#8221; header_2_font=&#8221;impact|||on|||||&#8221; header_2_text_align=&#8221;center&#8221; header_2_text_color=&#8221;#CE3046&#8243; header_2_font_size=&#8221;52px&#8221; text_orientation=&#8221;center&#8221; width=&#8221;73%&#8221; module_alignment=&#8221;center&#8221; header_2_font_size_tablet=&#8221;52px&#8221; header_2_font_size_phone=&#8221;19px&#8221; header_2_font_size_last_edited=&#8221;on|phone&#8221; global_colors_info=&#8221;{}&#8221;]<\/p>\n<h2>Hoe kunnen we je verder helpen?<\/h2>\n<p>Wens je meer informatie over onze snacks, campagnes en acties, of wil je graag een bezoek brengen aan onze fabriek? Vul dan het contactformulier in, stuur ons een mailtje of bel ons op.<\/p>\n<p>[\/et_pb_text][\/et_pb_column][\/et_pb_row][et_pb_row _builder_version=&#8221;4.20.2&#8243; _module_preset=&#8221;default&#8221; global_colors_info=&#8221;{}&#8221;][et_pb_column type=&#8221;4_4&#8243; _builder_version=&#8221;4.20.2&#8243; _module_preset=&#8221;default&#8221; global_colors_info=&#8221;{}&#8221;][dsm_contact_form_7 cf7_library=&#8221;6447&#8243; input_background_color=&#8221;#FFFFFF&#8221; file_padding=&#8221;||||false|false&#8221; file_background_color=&#8221;#eeeeee&#8221; _builder_version=&#8221;4.21.2&#8243; _module_preset=&#8221;default&#8221; labels_font=&#8221;|600|||||||&#8221; input_textarea_select_text_color=&#8221;#0A0101&#8243; file_font=&#8221;|600|||||||&#8221; file_text_align=&#8221;left&#8221; custom_button_one=&#8221;on&#8221; button_one_text_size=&#8221;15px&#8221; button_one_text_color=&#8221;#FCD60F&#8221; button_one_bg_color=&#8221;#CE3046&#8243; button_one_border_width=&#8221;0px&#8221; button_one_border_radius=&#8221;17px&#8221; button_one_letter_spacing=&#8221;0px&#8221; button_one_font=&#8221;|||on|||||&#8221; button_one_use_icon=&#8221;off&#8221; button_one_custom_padding=&#8221;10px|15px|10px|15px|false|true&#8221; hover_enabled=&#8221;0&#8243; border_radii_image=&#8221;on|16px|16px|16px|16px&#8221; border_width_all_image=&#8221;1px&#8221; global_colors_info=&#8221;{}&#8221; success_validation_text_color=&#8221;#0A0101&#8243; error_validation_text_color=&#8221;#0A0101&#8243; sticky_enabled=&#8221;0&#8243;][\/dsm_contact_form_7][\/et_pb_column][\/et_pb_row][\/et_pb_section]<\/p>\n","protected":false},"excerpt":{"rendered":"<p>VanreuselContacteer onsHoe kunnen we je verder helpen? Wens je meer informatie over onze snacks, campagnes en acties, of wil je graag een bezoek brengen aan onze fabriek? Vul dan het contactformulier in, stuur ons een mailtje of bel ons op.<div class=\"et_pb_with_border et_pb_module dsm_contact_form_7 dsm_contact_form_7_0\">\n\t\t\t\t\n\t\t\t\t\n\t\t\t\t\n\t\t\t\t\n\t\t\t\t\n\t\t\t\t\n\t\t\t\t<div class=\"et_pb_module_inner\">\n\t\t\t\t\t<div class=\"\">\n\t\t\t\t\n<div class=\"wpcf7 no-js\" id=\"wpcf7-f6447-o1\" lang=\"nl-NL\" dir=\"ltr\" data-wpcf7-id=\"6447\">\n<div class=\"screen-reader-response\"><p role=\"status\" aria-live=\"polite\" aria-atomic=\"true\"><\/p> <ul><\/ul><\/div>\n<form action=\"\/nl\/wp-json\/wp\/v2\/pages\/6448#wpcf7-f6447-o1\" method=\"post\" class=\"wpcf7-form init\" aria-label=\"Contactformulier\" novalidate=\"novalidate\" data-status=\"init\">\n<fieldset class=\"hidden-fields-container\"><input type=\"hidden\" name=\"_wpcf7\" value=\"6447\" \/><input type=\"hidden\" name=\"_wpcf7_version\" value=\"6.1.5\" \/><input type=\"hidden\" name=\"_wpcf7_locale\" value=\"nl_NL\" \/><input type=\"hidden\" name=\"_wpcf7_unit_tag\" value=\"wpcf7-f6447-o1\" \/><input type=\"hidden\" name=\"_wpcf7_container_post\" value=\"0\" \/><input type=\"hidden\" name=\"_wpcf7_posted_data_hash\" value=\"\" \/><input type=\"hidden\" name=\"_wpcf7_recaptcha_response\" value=\"\" \/>\n<\/fieldset>\n<div class=\"form-columns\">\n\t<div class=\"first-column\">\n\t\t<p><label> Naam *<br \/>\n<span class=\"wpcf7-form-control-wrap\" data-name=\"your-name\"><input size=\"40\" maxlength=\"400\" class=\"wpcf7-form-control wpcf7-text wpcf7-validates-as-required\" aria-required=\"true\" aria-invalid=\"false\" placeholder=\"Vul uw naam in\" value=\"\" type=\"text\" name=\"your-name\" \/><\/span> <\/label>\n\t\t<\/p>\n\t<\/div>\n\t<div class=\"last-column\">\n\t\t<p><label> Voornaam *<br \/>\n<span class=\"wpcf7-form-control-wrap\" data-name=\"your-surname\"><input size=\"40\" maxlength=\"400\" class=\"wpcf7-form-control wpcf7-text wpcf7-validates-as-required\" aria-required=\"true\" aria-invalid=\"false\" placeholder=\"Vul uw voornaam in\" value=\"\" type=\"text\" name=\"your-surname\" \/><\/span> <\/label>\n\t\t<\/p>\n\t<\/div>\n<\/div>\n<div class=\"form-columns\">\n\t<div class=\"first-column\">\n\t\t<p><label>E-mail *<br \/>\n<span class=\"wpcf7-form-control-wrap\" data-name=\"your-email\"><input size=\"40\" maxlength=\"400\" class=\"wpcf7-form-control wpcf7-email wpcf7-validates-as-required wpcf7-text wpcf7-validates-as-email\" aria-required=\"true\" aria-invalid=\"false\" placeholder=\"Vul uw e-mail in\" value=\"\" type=\"email\" name=\"your-email\" \/><\/span> <\/label>\n\t\t<\/p>\n\t<\/div>\n\t<div class=\"last-column\">\n\t\t<p><label>Telefoonnummer<br \/>\n<span class=\"wpcf7-form-control-wrap\" data-name=\"tel-440\"><input size=\"40\" maxlength=\"400\" class=\"wpcf7-form-control wpcf7-tel wpcf7-text wpcf7-validates-as-tel\" aria-invalid=\"false\" placeholder=\"Vul uw telefoonnummer in\" value=\"\" type=\"tel\" name=\"tel-440\" \/><\/span> <\/label>\n\t\t<\/p>\n\t<\/div>\n<\/div>\n<p><label> Adres<br \/>\n<span class=\"wpcf7-form-control-wrap\" data-name=\"your-address\"><input size=\"40\" maxlength=\"400\" class=\"wpcf7-form-control wpcf7-text\" aria-invalid=\"false\" placeholder=\"Vul uw adres in\" value=\"\" type=\"text\" name=\"your-address\" \/><\/span> <\/label>\n<\/p>\n<div class=\"form-columns\">\n\t<div class=\"first-column\">\n\t\t<p><label> Plaats<br \/>\n<span class=\"wpcf7-form-control-wrap\" data-name=\"your-plaats\"><input size=\"40\" maxlength=\"400\" class=\"wpcf7-form-control wpcf7-text\" aria-invalid=\"false\" placeholder=\"Vul uw plaats in\" value=\"\" type=\"text\" name=\"your-plaats\" \/><\/span> <\/label>\n\t\t<\/p>\n\t<\/div>\n\t<div class=\"last-column\">\n\t\t<p><label> Postcode<br \/>\n<span class=\"wpcf7-form-control-wrap\" data-name=\"your-postcode\"><input size=\"40\" maxlength=\"400\" class=\"wpcf7-form-control wpcf7-text\" aria-invalid=\"false\" placeholder=\"Vul uw postcode in\" value=\"\" type=\"text\" name=\"your-postcode\" \/><\/span> <\/label>\n\t\t<\/p>\n\t<\/div>\n<\/div>\n<p><label>Selecteer land<br \/>\n<span class=\"wpcf7-form-control-wrap dsm-contact-form-7-select\" data-name=\"menu-979\"><select class=\"wpcf7-form-control wpcf7-select et_pb_contact_select input forpadding\" aria-invalid=\"false\" name=\"menu-979\"><option value=\"\">Selecteer uw land in de lijst<\/option><option value=\"Afghanistan\">Afghanistan<\/option><option value=\"Albani\u00eb\">Albani\u00eb<\/option><option value=\"Algerije\">Algerije<\/option><option value=\"Amerikaanse Maagdeneilanden\">Amerikaanse Maagdeneilanden<\/option><option value=\"Amerikaans Samoa\">Amerikaans Samoa<\/option><option value=\"Andorra\">Andorra<\/option><option value=\"Angola\">Angola<\/option><option value=\"Anguilla\">Anguilla<\/option><option value=\"Antarctica\">Antarctica<\/option><option value=\"Antigua &amp; Barbuda\">Antigua &amp; Barbuda<\/option><option value=\"Argentini\u00eb\">Argentini\u00eb<\/option><option value=\"Armeni\u00eb\">Armeni\u00eb<\/option><option value=\"Aruba\">Aruba<\/option><option value=\"Ascension\">Ascension<\/option><option value=\"Australi\u00eb\">Australi\u00eb<\/option><option value=\"Azerbeidzjan\">Azerbeidzjan<\/option><option value=\"Bahama&#039;s\">Bahama&#039;s<\/option><option value=\"Bahrein\">Bahrein<\/option><option value=\"Bangladesh\">Bangladesh<\/option><option value=\"Barbados\">Barbados<\/option><option value=\"Belgi\u00eb\">Belgi\u00eb<\/option><option value=\"Belize\">Belize<\/option><option value=\"Benin\">Benin<\/option><option value=\"Bermuda\">Bermuda<\/option><option value=\"Bhutan\">Bhutan<\/option><option value=\"Bolivia\">Bolivia<\/option><option value=\"Bosni\u00eb &amp; Herzegovina\">Bosni\u00eb &amp; Herzegovina<\/option><option value=\"Botswana\">Botswana<\/option><option value=\"Bouvet\">Bouvet<\/option><option value=\"Brazili\u00eb\">Brazili\u00eb<\/option><option value=\"Britse Maagdeneilanden\">Britse Maagdeneilanden<\/option><option value=\"Brits Territorium in de Indische Oceaan\">Brits Territorium in de Indische Oceaan<\/option><option value=\"Brunei\">Brunei<\/option><option value=\"Bulgarije\">Bulgarije<\/option><option value=\"Burkina Faso\">Burkina Faso<\/option><option value=\"Burundi\">Burundi<\/option><option value=\"Cambodja\">Cambodja<\/option><option value=\"Canada\">Canada<\/option><option value=\"Canarische Eilanden\">Canarische Eilanden<\/option><option value=\"Caribisch Nederland\">Caribisch Nederland<\/option><option value=\"Centraal-Afrikaanse Republiek\">Centraal-Afrikaanse Republiek<\/option><option value=\"Ceuta &amp; Melilla\">Ceuta &amp; Melilla<\/option><option value=\"Chili\">Chili<\/option><option value=\"China\">China<\/option><option value=\"Christmaseiland\">Christmaseiland<\/option><option value=\"Clipperton\">Clipperton<\/option><option value=\"Cocoseilanden\">Cocoseilanden<\/option><option value=\"Colombia\">Colombia<\/option><option value=\"Comoren\">Comoren<\/option><option value=\"Congo-Brazzaville\">Congo-Brazzaville<\/option><option value=\"Congo-Kinshasa\">Congo-Kinshasa<\/option><option value=\"Cookeilanden\">Cookeilanden<\/option><option value=\"Costa Rica\">Costa Rica<\/option><option value=\"Cuba\">Cuba<\/option><option value=\"Cura\u00e7ao\">Cura\u00e7ao<\/option><option value=\"Cyprus\">Cyprus<\/option><option value=\"Denemarken\">Denemarken<\/option><option value=\"Diego Garcia\">Diego Garcia<\/option><option value=\"Djibouti\">Djibouti<\/option><option value=\"Dominica\">Dominica<\/option><option value=\"Dominicaanse Republiek\">Dominicaanse Republiek<\/option><option value=\"Duitsland\">Duitsland<\/option><option value=\"Ecuador\">Ecuador<\/option><option value=\"Egypte\">Egypte<\/option><option value=\"El Salvador\">El Salvador<\/option><option value=\"Equatoriaal Guinea\">Equatoriaal Guinea<\/option><option value=\"Eritrea\">Eritrea<\/option><option value=\"Estland\">Estland<\/option><option value=\"Eswatini\">Eswatini<\/option><option value=\"Ethiopi\u00eb\">Ethiopi\u00eb<\/option><option value=\"Faer\u00f6er\">Faer\u00f6er<\/option><option value=\"Falklandeilanden\">Falklandeilanden<\/option><option value=\"Fiji\">Fiji<\/option><option value=\"Filippijnen\">Filippijnen<\/option><option value=\"Finland\">Finland<\/option><option value=\"Frankrijk\">Frankrijk<\/option><option value=\"Frans-Guyana\">Frans-Guyana<\/option><option value=\"Franse Zuidelijke en Antarctische Gebieden\">Franse Zuidelijke en Antarctische Gebieden<\/option><option value=\"Frans Polynesi\u00eb\">Frans Polynesi\u00eb<\/option><option value=\"Gabon\">Gabon<\/option><option value=\"Gambia\">Gambia<\/option><option value=\"Georgi\u00eb\">Georgi\u00eb<\/option><option value=\"Ghana\">Ghana<\/option><option value=\"Gibraltar\">Gibraltar<\/option><option value=\"Grenada\">Grenada<\/option><option value=\"Griekenland\">Griekenland<\/option><option value=\"Groenland\">Groenland<\/option><option value=\"Groot Brittanni\u00eb\">Groot Brittanni\u00eb<\/option><option value=\"Guadeloupe\">Guadeloupe<\/option><option value=\"Guam\">Guam<\/option><option value=\"Guatemala\">Guatemala<\/option><option value=\"Guernsey\">Guernsey<\/option><option value=\"Guinee\">Guinee<\/option><option value=\"Guinee-Bissau\">Guinee-Bissau<\/option><option value=\"Guyana\">Guyana<\/option><option value=\"Ha\u00efti\">Ha\u00efti<\/option><option value=\"Heard &amp; MacDonald-eilanden\">Heard &amp; MacDonald-eilanden<\/option><option value=\"Honduras\">Honduras<\/option><option value=\"Hongarije\">Hongarije<\/option><option value=\"Hongkong\">Hongkong<\/option><option value=\"Ierland\">Ierland<\/option><option value=\"IJsland\">IJsland<\/option><option value=\"India\">India<\/option><option value=\"Indonesi\u00eb\">Indonesi\u00eb<\/option><option value=\"Irak\">Irak<\/option><option value=\"Iran\">Iran<\/option><option value=\"Isra\u00ebl\">Isra\u00ebl<\/option><option value=\"Itali\u00eb\">Itali\u00eb<\/option><option value=\"Ivoorkust\">Ivoorkust<\/option><option value=\"Jamaica\">Jamaica<\/option><option value=\"Japan\">Japan<\/option><option value=\"Jemen\">Jemen<\/option><option value=\"Jersey\">Jersey<\/option><option value=\"Jordani\u00eb\">Jordani\u00eb<\/option><option value=\"Kaaimaneilanden\">Kaaimaneilanden<\/option><option value=\"Kaapverdi\u00eb\">Kaapverdi\u00eb<\/option><option value=\"Kameroen\">Kameroen<\/option><option value=\"Kazachstan\">Kazachstan<\/option><option value=\"Kenia\">Kenia<\/option><option value=\"Kirgizi\u00eb\">Kirgizi\u00eb<\/option><option value=\"Kiribati\">Kiribati<\/option><option value=\"Koeweit\">Koeweit<\/option><option value=\"Kosovo\">Kosovo<\/option><option value=\"Kroati\u00eb\">Kroati\u00eb<\/option><option value=\"Laos\">Laos<\/option><option value=\"Lesotho\">Lesotho<\/option><option value=\"Letland\">Letland<\/option><option value=\"Libanon\">Libanon<\/option><option value=\"Liberia\">Liberia<\/option><option value=\"Libi\u00eb\">Libi\u00eb<\/option><option value=\"Liechtenstein\">Liechtenstein<\/option><option value=\"Litouwen\">Litouwen<\/option><option value=\"Luxemburg\">Luxemburg<\/option><option value=\"Macao SAR China\">Macao SAR China<\/option><option value=\"Madagaskar\">Madagaskar<\/option><option value=\"Malawi\">Malawi<\/option><option value=\"Malediven\">Malediven<\/option><option value=\"Maleisi\u00eb\">Maleisi\u00eb<\/option><option value=\"Mali\">Mali<\/option><option value=\"Malta\">Malta<\/option><option value=\"Man\">Man<\/option><option value=\"Marokko\">Marokko<\/option><option value=\"Marshalleilanden\">Marshalleilanden<\/option><option value=\"Martinique\">Martinique<\/option><option value=\"Mauritani\u00eb\">Mauritani\u00eb<\/option><option value=\"Mauritius\">Mauritius<\/option><option value=\"Mayotte\">Mayotte<\/option><option value=\"Mexico\">Mexico<\/option><option value=\"Micronesi\u00eb\">Micronesi\u00eb<\/option><option value=\"Moldavi\u00eb\">Moldavi\u00eb<\/option><option value=\"Monaco\">Monaco<\/option><option value=\"Mongoli\u00eb\">Mongoli\u00eb<\/option><option value=\"Montenegro\">Montenegro<\/option><option value=\"Montserrat\">Montserrat<\/option><option value=\"Mozambique\">Mozambique<\/option><option value=\"Myanmar (Birma)\">Myanmar (Birma)<\/option><option value=\"Namibi\u00eb\">Namibi\u00eb<\/option><option value=\"Nauru\">Nauru<\/option><option value=\"Nederland\">Nederland<\/option><option value=\"Nederlandse Antillen\">Nederlandse Antillen<\/option><option value=\"Nepal\">Nepal<\/option><option value=\"Nicaragua\">Nicaragua<\/option><option value=\"Nieuw-Caledoni\u00eb\">Nieuw-Caledoni\u00eb<\/option><option value=\"Nieuw-Zeeland\">Nieuw-Zeeland<\/option><option value=\"Niger\">Niger<\/option><option value=\"Nigeria\">Nigeria<\/option><option value=\"Niue\">Niue<\/option><option value=\"Noord-Korea\">Noord-Korea<\/option><option value=\"Noord-Macedoni\u00eb\">Noord-Macedoni\u00eb<\/option><option value=\"Noordelijke Marianen\">Noordelijke Marianen<\/option><option value=\"Noorwegen\">Noorwegen<\/option><option value=\"Norfolk\">Norfolk<\/option><option value=\"Oeganda\">Oeganda<\/option><option value=\"Oekra\u00efne\">Oekra\u00efne<\/option><option value=\"Oezbekistan\">Oezbekistan<\/option><option value=\"Oman\">Oman<\/option><option value=\"Oost-Timor\">Oost-Timor<\/option><option value=\"Oostenrijk\">Oostenrijk<\/option><option value=\"Outlying Oceania\">Outlying Oceania<\/option><option value=\"Pakistan\">Pakistan<\/option><option value=\"Palau\">Palau<\/option><option value=\"Palestijnse gebieden\">Palestijnse gebieden<\/option><option value=\"Panama\">Panama<\/option><option value=\"Papua Nieuw Guinea\">Papua Nieuw Guinea<\/option><option value=\"Paraguay\">Paraguay<\/option><option value=\"Peru\">Peru<\/option><option value=\"Pitcairneilanden\">Pitcairneilanden<\/option><option value=\"Polen\">Polen<\/option><option value=\"Portugal\">Portugal<\/option><option value=\"Puerto Rico\">Puerto Rico<\/option><option value=\"Qatar\">Qatar<\/option><option value=\"Roemeni\u00eb\">Roemeni\u00eb<\/option><option value=\"Rusland\">Rusland<\/option><option value=\"Rwanda\">Rwanda<\/option><option value=\"R\u00e9union\">R\u00e9union<\/option><option value=\"Salomonseilanden\">Salomonseilanden<\/option><option value=\"Samoa\">Samoa<\/option><option value=\"San Marino\">San Marino<\/option><option value=\"Saoedi-Arabi\u00eb\">Saoedi-Arabi\u00eb<\/option><option value=\"Senegal\">Senegal<\/option><option value=\"Servi\u00eb\">Servi\u00eb<\/option><option value=\"Seychellen\">Seychellen<\/option><option value=\"Sierra Leone\">Sierra Leone<\/option><option value=\"Singapore\">Singapore<\/option><option value=\"Sint Maarten\">Sint Maarten<\/option><option value=\"Sloveni\u00eb\">Sloveni\u00eb<\/option><option value=\"Slowakije\">Slowakije<\/option><option value=\"Soedan\">Soedan<\/option><option value=\"Somali\u00eb\">Somali\u00eb<\/option><option value=\"South Georgia &amp; South Sandwich-eilanden\">South Georgia &amp; South Sandwich-eilanden<\/option><option value=\"Spanje\">Spanje<\/option><option value=\"Sri Lanka\">Sri Lanka<\/option><option value=\"St. Barth\u00e9lemy\">St. Barth\u00e9lemy<\/option><option value=\"St. Helena\">St. Helena<\/option><option value=\"St. Kitts &amp; Nevis\">St. Kitts &amp; Nevis<\/option><option value=\"St. Lucia\">St. Lucia<\/option><option value=\"St. Maarten\">St. Maarten<\/option><option value=\"St. Pierre &amp; Miquelon\">St. Pierre &amp; Miquelon<\/option><option value=\"St. Vincent &amp; Grenadines\">St. Vincent &amp; Grenadines<\/option><option value=\"Suriname\">Suriname<\/option><option value=\"Svalbard &amp; Jan Mayen\">Svalbard &amp; Jan Mayen<\/option><option value=\"Syri\u00eb\">Syri\u00eb<\/option><option value=\"S\u00e3o Tom\u00e9 en Pr\u00edncipe\">S\u00e3o Tom\u00e9 en Pr\u00edncipe<\/option><option value=\"Tadzjikistan\">Tadzjikistan<\/option><option value=\"Taiwan\">Taiwan<\/option><option value=\"Tanzania\">Tanzania<\/option><option value=\"Thailand\">Thailand<\/option><option value=\"Togo\">Togo<\/option><option value=\"Tokelau\">Tokelau<\/option><option value=\"Tonga\">Tonga<\/option><option value=\"Trinidad &amp; Tobago\">Trinidad &amp; Tobago<\/option><option value=\"Tristan da Cunha\">Tristan da Cunha<\/option><option value=\"Tsjaad\">Tsjaad<\/option><option value=\"Tsjechi\u00eb\">Tsjechi\u00eb<\/option><option value=\"Tunesi\u00eb\">Tunesi\u00eb<\/option><option value=\"Turkije\">Turkije<\/option><option value=\"Turkmenistan\">Turkmenistan<\/option><option value=\"Turks &amp; Caicoseilanden\">Turks &amp; Caicoseilanden<\/option><option value=\"Tuvalu\">Tuvalu<\/option><option value=\"U.S. Outlying Islands\">U.S. Outlying Islands<\/option><option value=\"Uruguay\">Uruguay<\/option><option value=\"Vanuatu\">Vanuatu<\/option><option value=\"Vaticaanstad\">Vaticaanstad<\/option><option value=\"Venezuela\">Venezuela<\/option><option value=\"Verenigde Arabische Emiraten\">Verenigde Arabische Emiraten<\/option><option value=\"Verenigde Staten\">Verenigde Staten<\/option><option value=\"Vietnam\">Vietnam<\/option><option value=\"Wallis &amp; Futuna\">Wallis &amp; Futuna<\/option><option value=\"Westelijke Sahara\">Westelijke Sahara<\/option><option value=\"Wit-Rusland\">Wit-Rusland<\/option><option value=\"Zambia\">Zambia<\/option><option value=\"Zimbabwe\">Zimbabwe<\/option><option value=\"Zuid-Afrika\">Zuid-Afrika<\/option><option value=\"Zuid-Soedan\">Zuid-Soedan<\/option><option value=\"Zwitserland\">Zwitserland<\/option><option value=\"\u00c5landseilanden\">\u00c5landseilanden<\/option><\/select><\/span><br \/>\n<\/label>\n<\/p>\n<p><label> Onderwerp<br \/>\n<span class=\"wpcf7-form-control-wrap\" data-name=\"your-onderwerp\"><input size=\"40\" maxlength=\"400\" class=\"wpcf7-form-control wpcf7-text\" aria-invalid=\"false\" placeholder=\"Specificeer het onderwerp van het bericht\" value=\"\" type=\"text\" name=\"your-onderwerp\" \/><\/span> <\/label>\n<\/p>\n<p><label> Bericht<br \/>\n<span class=\"wpcf7-form-control-wrap\" data-name=\"your-message\"><textarea cols=\"40\" rows=\"4\" maxlength=\"2000\" class=\"wpcf7-form-control wpcf7-textarea\" aria-invalid=\"false\" placeholder=\"Schrijf hier je bericht\" name=\"your-message\"><\/textarea><\/span> <\/label>\n<\/p>\n<p><button class=\"wpcf7-form-control wpcf7-submit has-spinner et_pb_button et_pb_bg_layout_light\" type=\"submit\" value=\"Verzend bericht\">Verzend bericht<\/button>\n<\/p><div class=\"wpcf7-response-output\" aria-hidden=\"true\"><\/div>\n<\/form>\n<\/div>\n\n\t\t\t<\/div>\n\t\t\t\t<\/div>\n\t\t\t<\/div><\/p>\n","protected":false},"author":1,"featured_media":0,"parent":0,"menu_order":0,"comment_status":"closed","ping_status":"closed","template":"","meta":{"_acf_changed":false,"_et_pb_use_builder":"on","_et_pb_old_content":"","_et_gb_content_width":"","inline_featured_image":false,"footnotes":""},"class_list":["post-6448","page","type-page","status-publish","hentry"],"acf":[],"aioseo_notices":[],"_links":{"self":[{"href":"https:\/\/www.vanreusel.eu\/nl\/wp-json\/wp\/v2\/pages\/6448","targetHints":{"allow":["GET"]}}],"collection":[{"href":"https:\/\/www.vanreusel.eu\/nl\/wp-json\/wp\/v2\/pages"}],"about":[{"href":"https:\/\/www.vanreusel.eu\/nl\/wp-json\/wp\/v2\/types\/page"}],"author":[{"embeddable":true,"href":"https:\/\/www.vanreusel.eu\/nl\/wp-json\/wp\/v2\/users\/1"}],"replies":[{"embeddable":true,"href":"https:\/\/www.vanreusel.eu\/nl\/wp-json\/wp\/v2\/comments?post=6448"}],"version-history":[{"count":8,"href":"https:\/\/www.vanreusel.eu\/nl\/wp-json\/wp\/v2\/pages\/6448\/revisions"}],"predecessor-version":[{"id":9170,"href":"https:\/\/www.vanreusel.eu\/nl\/wp-json\/wp\/v2\/pages\/6448\/revisions\/9170"}],"wp:attachment":[{"href":"https:\/\/www.vanreusel.eu\/nl\/wp-json\/wp\/v2\/media?parent=6448"}],"curies":[{"name":"wp","href":"https:\/\/api.w.org\/{rel}","templated":true}]}}