{"id":8412,"date":"2023-10-06T08:07:36","date_gmt":"2023-10-06T08:07:36","guid":{"rendered":"https:\/\/www.vanreusel.eu\/politique-en-matiere-de-cookies\/"},"modified":"2023-10-06T08:45:23","modified_gmt":"2023-10-06T08:45:23","slug":"cookie-policy","status":"publish","type":"page","link":"https:\/\/www.vanreusel.eu\/fr\/cookie-policy\/","title":{"rendered":"Politique en mati\u00e8re de cookies"},"content":{"rendered":"<p>[et_pb_section fb_built=\u00a0\u00bb1&Prime; admin_label=\u00a0\u00bbintro\u00a0\u00bb module_class=\u00a0\u00bbcategory-header\u00a0\u00bb _builder_version=\u00a0\u00bb4.21.2&Prime; _module_preset=\u00a0\u00bbdefault\u00a0\u00bb background_color=\u00a0\u00bb#FCD60F\u00a0\u00bb background_image=\u00a0\u00bbhttps:\/\/www.vanreusel.eu\/wp-content\/uploads\/2023\/06\/bg_yellow_header.png\u00a0\u00bb min_height=\u00a0\u00bb640px\u00a0\u00bb min_height_tablet=\u00a0\u00bb600px\u00a0\u00bb min_height_phone=\u00a0\u00bb400px\u00a0\u00bb min_height_last_edited=\u00a0\u00bbon|phone\u00a0\u00bb height=\u00a0\u00bb36vw\u00a0\u00bb custom_padding=\u00a0\u00bb||||false|false\u00a0\u00bb background_last_edited=\u00a0\u00bboff|tablet\u00a0\u00bb background_position_phone=\u00a0\u00bbcenter_left\u00a0\u00bb custom_css_main_element=\u00a0\u00bbdisplay: flex;\u00a0\u00bb da_disable_devices=\u00a0\u00bboff|off|off\u00a0\u00bb locked=\u00a0\u00bboff\u00a0\u00bb global_colors_info=\u00a0\u00bb{}\u00a0\u00bb da_is_popup=\u00a0\u00bboff\u00a0\u00bb da_exit_intent=\u00a0\u00bboff\u00a0\u00bb da_has_close=\u00a0\u00bbon\u00a0\u00bb da_alt_close=\u00a0\u00bboff\u00a0\u00bb da_dark_close=\u00a0\u00bboff\u00a0\u00bb da_not_modal=\u00a0\u00bbon\u00a0\u00bb da_is_singular=\u00a0\u00bboff\u00a0\u00bb da_with_loader=\u00a0\u00bboff\u00a0\u00bb da_has_shadow=\u00a0\u00bbon\u00a0\u00bb][et_pb_row admin_label=\u00a0\u00bbtext\u00a0\u00bb module_class=\u00a0\u00bbuw-row\u00a0\u00bb _builder_version=\u00a0\u00bb4.21.2&Prime; _module_preset=\u00a0\u00bbdefault\u00a0\u00bb width=\u00a0\u00bb100%\u00a0\u00bb max_width=\u00a0\u00bb1200px\u00a0\u00bb custom_margin=\u00a0\u00bb||||false|false\u00a0\u00bb custom_padding=\u00a0\u00bb|30px|0px|30px|false|false\u00a0\u00bb hover_enabled=\u00a0\u00bb0&Prime; global_colors_info=\u00a0\u00bb{}\u00a0\u00bb sticky_enabled=\u00a0\u00bb0&Prime;][et_pb_column type=\u00a0\u00bb4_4&Prime; _builder_version=\u00a0\u00bb4.20.2&Prime; _module_preset=\u00a0\u00bbdefault\u00a0\u00bb global_colors_info=\u00a0\u00bb{}\u00a0\u00bb][et_pb_text _builder_version=\u00a0\u00bb4.21.2&Prime; _module_preset=\u00a0\u00bbafe36eff-8cd5-468a-abf2-7bef034fc910&Prime; header_font_size=\u00a0\u00bb6rem\u00a0\u00bb hover_enabled=\u00a0\u00bb0&Prime; header_font_size_tablet=\u00a0\u00bb4rem\u00a0\u00bb global_colors_info=\u00a0\u00bb{}\u00a0\u00bb sticky_enabled=\u00a0\u00bb0&Prime;]<\/p>\n<h1>Politique en<br \/>\nmati\u00e8re de cookies<\/h1>\n<p>[\/et_pb_text][\/et_pb_column][\/et_pb_row][et_pb_row disabled_on=\u00a0\u00bboff|off|off\u00a0\u00bb admin_label=\u00a0\u00bbbg\u00a0\u00bb module_class=\u00a0\u00bb_ukiyo page-header-decor\u00a0\u00bb _builder_version=\u00a0\u00bb4.21.2&Prime; _module_preset=\u00a0\u00bbdefault\u00a0\u00bb background_enable_image=\u00a0\u00bboff\u00a0\u00bb background_size=\u00a0\u00bbcustom\u00a0\u00bb background_image_width=\u00a0\u00bb60%\u00a0\u00bb background_position=\u00a0\u00bbbottom_center\u00a0\u00bb positioning=\u00a0\u00bbabsolute\u00a0\u00bb position_origin_a=\u00a0\u00bbbottom_center\u00a0\u00bb width=\u00a0\u00bb100%\u00a0\u00bb max_width=\u00a0\u00bb100%\u00a0\u00bb height=\u00a0\u00bb100%\u00a0\u00bb custom_padding=\u00a0\u00bb0px|0px|0px|0px|false|false\u00a0\u00bb background_last_edited=\u00a0\u00bbon|tablet\u00a0\u00bb background_image_width_tablet=\u00a0\u00bb100%\u00a0\u00bb global_colors_info=\u00a0\u00bb{}\u00a0\u00bb][et_pb_column type=\u00a0\u00bb4_4&Prime; _builder_version=\u00a0\u00bb4.21.2&Prime; _module_preset=\u00a0\u00bbdefault\u00a0\u00bb global_colors_info=\u00a0\u00bb{}\u00a0\u00bb][\/et_pb_column][\/et_pb_row][\/et_pb_section][et_pb_section fb_built=\u00a0\u00bb1&Prime; custom_padding_last_edited=\u00a0\u00bbon|phone\u00a0\u00bb _builder_version=\u00a0\u00bb4.21.2&Prime; _module_preset=\u00a0\u00bbdefault\u00a0\u00bb custom_padding=\u00a0\u00bb5rem||5rem||false|false\u00a0\u00bb custom_padding_tablet=\u00a0\u00bb5rem||5rem||false|false\u00a0\u00bb custom_padding_phone=\u00a0\u00bb2rem||2rem||false|false\u00a0\u00bb da_disable_devices=\u00a0\u00bboff|off|off\u00a0\u00bb locked=\u00a0\u00bboff\u00a0\u00bb global_colors_info=\u00a0\u00bb{}\u00a0\u00bb da_is_popup=\u00a0\u00bboff\u00a0\u00bb da_exit_intent=\u00a0\u00bboff\u00a0\u00bb da_has_close=\u00a0\u00bbon\u00a0\u00bb da_alt_close=\u00a0\u00bboff\u00a0\u00bb da_dark_close=\u00a0\u00bboff\u00a0\u00bb da_not_modal=\u00a0\u00bbon\u00a0\u00bb da_is_singular=\u00a0\u00bboff\u00a0\u00bb da_with_loader=\u00a0\u00bboff\u00a0\u00bb da_has_shadow=\u00a0\u00bbon\u00a0\u00bb][et_pb_row custom_padding_last_edited=\u00a0\u00bbon|phone\u00a0\u00bb _builder_version=\u00a0\u00bb4.21.2&Prime; _module_preset=\u00a0\u00bbdefault\u00a0\u00bb width=\u00a0\u00bb100%\u00a0\u00bb max_width=\u00a0\u00bb980px\u00a0\u00bb custom_padding=\u00a0\u00bb|30px||30px|false|false\u00a0\u00bb custom_padding_tablet=\u00a0\u00bb|30px||30px|false|false\u00a0\u00bb custom_padding_phone=\u00a0\u00bb|20px||20px|false|false\u00a0\u00bb global_colors_info=\u00a0\u00bb{}\u00a0\u00bb][et_pb_column type=\u00a0\u00bb4_4&Prime; _builder_version=\u00a0\u00bb4.21.2&Prime; _module_preset=\u00a0\u00bbdefault\u00a0\u00bb global_colors_info=\u00a0\u00bb{}\u00a0\u00bb][et_pb_text _builder_version=\u00a0\u00bb4.21.2&Prime; _module_preset=\u00a0\u00bbdeb527a8-9392-4c08-b1e8-b4ebdefc5ba5&Prime; text_text_color=\u00a0\u00bb#CE3046&Prime; header_3_text_align=\u00a0\u00bbleft\u00a0\u00bb header_3_text_color=\u00a0\u00bb#0A0101&Prime; custom_margin_tablet=\u00a0\u00bb\u00a0\u00bb custom_margin_phone=\u00a0\u00bb||1rem||false|false\u00a0\u00bb custom_margin_last_edited=\u00a0\u00bbon|phone\u00a0\u00bb global_colors_info=\u00a0\u00bb{}\u00a0\u00bb]COOKIE POLICY BELTASTE HAMONT NV[\/et_pb_text][et_pb_text _builder_version=\u00a0\u00bb4.21.2&Prime; _module_preset=\u00a0\u00bbdeb527a8-9392-4c08-b1e8-b4ebdefc5ba5&Prime; header_3_text_align=\u00a0\u00bbleft\u00a0\u00bb header_3_text_color=\u00a0\u00bb#0A0101&Prime; global_colors_info=\u00a0\u00bb{}\u00a0\u00bb]<\/p>\n<p>Surfez sur <a href=\"http:\/\/www.vanreusel.be\" target=\"_blank\" rel=\"noopener\">www.vanreusel.be<\/a>? Notre site Web peut automatiquement placer des \u00ab\u00a0cookies\u00a0\u00bb sur votre appareil. De cette mani\u00e8re, nous am\u00e9liorons votre exp\u00e9rience de navigation: les cookies permettent \u00e0 notre site Web de mieux fonctionner et s\u2019assurent que le site Web soit adapt\u00e9 \u00e0 vos souhaits et \u00e0 vos pr\u00e9f\u00e9rences.<\/p>\n<p>Ce document d\u00e9crit ce que sont les cookies et comment ils sont utilis\u00e9s par Beltaste Hamont NV, ci-apr\u00e8s d\u00e9nomm\u00e9 \u2018D\u00e9claration de cookie\u2019.<\/p>\n<p>Cette d\u00e9claration de cookie s&rsquo;applique au site Web <a href=\"http:\/\/www.vanreusel.be\/\" target=\"_blank\" rel=\"noopener\">www.vanreusel.be<\/a>, qui est g\u00e9r\u00e9 par Beltaste Hamont NV, dont le si\u00e8ge social est situ\u00e9 \u00e0 Lozenweg 30, 3930 Hamont et le num\u00e9ro d&rsquo;entreprise BE 0416.421.682.<\/p>\n<p>Nous nous r\u00e9servons le droit d&rsquo;apporter des modifications \u00e0 cette d\u00e9claration de cookie \u00e0 tout moment. Pour \u00eatre tenu inform\u00e9 de tout changement, vous devez consulter r\u00e9guli\u00e8rement la d\u00e9claration relative aux cookies.<\/p>\n<p>Cette d\u00e9claration de cookie a \u00e9t\u00e9 modifi\u00e9e pour la derni\u00e8re fois le 9 janvier 2019.<\/p>\n<p>CONTENU<\/p>\n<p>QUELS SONT LES COOKIES?<\/p>\n<p>G\u00c9RER LES COOKIES.<\/p>\n<p>TYPES DE COOKIES.<\/p>\n<p>QUELLE TYPE DE COOKIES UTILISE SUR WWW.VANREUSEL.BE?<\/p>\n<p><strong>1. QUELS SONT LES COOKIES?<\/strong><\/p>\n<p>Les cookies sont de petits fichiers texte qui sont stock\u00e9s sur votre ordinateur lorsque vous visitez un site Web. Cela permet \u00e0 ce site Web de se souvenir de vos actions et de vos pr\u00e9f\u00e9rences (telles que la langue, la police de caract\u00e8res, les options d&rsquo;affichage, etc.) pendant un certain temps. L&rsquo;avantage de ceci est que lorsque vous visitez \u00e0 nouveau le site Web ou naviguez entre diff\u00e9rentes pages Web, il n&rsquo;est pas n\u00e9cessaire de d\u00e9finir vos pr\u00e9f\u00e9rences encore et encore.<\/p>\n<p>Les cookies sont utilis\u00e9s pour faciliter et am\u00e9liorer l&rsquo;exp\u00e9rience de navigation. Lorsque vous visitez le site Web, les cookies garantissent que vos param\u00e8tres personnels sont rappel\u00e9s. De plus, des donn\u00e9es sont recueillies sur la mani\u00e8re dont le site Web a \u00e9t\u00e9 consult\u00e9 et nous pouvons ainsi am\u00e9liorer les performances g\u00e9n\u00e9rales du site Web en termes de rapidit\u00e9 et de fonctionnement.<\/p>\n<p>Les cookies ne fonctionnent jamais de mani\u00e8re ind\u00e9pendante et sont toujours li\u00e9s \u00e0 un site Web. Les cookies ne permettent en aucun cas d&rsquo;acc\u00e9der aux donn\u00e9es stock\u00e9es sur votre ordinateur ou votre t\u00e9l\u00e9phone.<\/p>\n<p>Si vous ne souhaitez pas qu&rsquo;un site Web mette des cookies sur votre ordinateur, vous pouvez modifier les param\u00e8tres de votre navigateur.<\/p>\n<p><strong>2. GERER LES COOKIES.<\/strong><\/p>\n<p>La plupart des navigateurs acceptent automatiquement les cookies. Vous pouvez configurer votre navigateur de mani\u00e8re \u00e0 ce que vous soyez averti avant qu&rsquo;un cookie ne soit plac\u00e9 ou que les cookies ne soient refus\u00e9s. Vous trouverez plus d&rsquo;informations sur la configuration de votre navigateur via les liens suivants:<\/p>\n<p>Google Chrome: <a href=\"https:\/\/support.google.com\/chrome\/answer\/95647?hl=nl\" target=\"_blank\" rel=\"noopener\">https:\/\/support.google.com\/chrome\/answer\/95647?hl=nl<\/a><\/p>\n<p>Internet Explorer: <a href=\"https:\/\/support.microsoft.com\/nl-nl\/help\/17442\/windows-internet-explorer-delete-manage-cookies\" target=\"_blank\" rel=\"noopener\">https:\/\/support.microsoft.com\/nl-nl\/help\/17442\/windows-internet-explorer-delete-manage-cookies<\/a><\/p>\n<p>Mozilla Firefox: <a href=\"https:\/\/support.mozilla.org\/nl\/kb\/cookies-in-en-uitschakelen-websites-voorkeuren?redirectlocale=nl&amp;redirectslug=Cookies+in-+en+uitschakelen\" target=\"_blank\" rel=\"noopener\">https:\/\/support.mozilla.org\/nl\/kb\/cookies-in-en-uitschakelen-websites-voorkeuren?redirectlocale=nl&amp;redirectslug=Cookies+in-+en+uitschakelen<\/a><\/p>\n<p>Safari: <a href=\"https:\/\/support.apple.com\/kb\/PH19214?locale=en_US\" target=\"_blank\" rel=\"noopener\">https:\/\/support.apple.com\/kb\/PH19214?locale=en_US<\/a><\/p>\n<p>N&rsquo;oubliez pas que la modification des param\u00e8tres permet de garantir qu&rsquo;un site Web ne fonctionne plus comme pr\u00e9vu.<\/p>\n<p>Si vous utilisez diff\u00e9rents appareils pour visiter un site Web, assurez-vous que votre pr\u00e9f\u00e9rence en mati\u00e8re de cookies est d\u00e9finie dans le navigateur de chaque appareil.<\/p>\n<p>Plus d&rsquo;informations sur la gestion des cookies sont disponibles sur <a href=\"http:\/\/www.allaboutcookies.org\/manage-cookies\/\" target=\"_blank\" rel=\"noopener\">http:\/\/www.allaboutcookies.org\/manage-cookies\/<\/a>. De plus, vous d\u00e9cidez sur les sites suivants de quelles soci\u00e9t\u00e9s vous ne souhaitez plus recevoir de cookies: <a href=\"http:\/\/www.aboutads.info\/choices\/#completed\" target=\"_blank\" rel=\"noopener\">http:\/\/www.aboutads.info\/choices\/#completed<\/a> et <a href=\"http:\/\/www.youronlinechoices.com\/\" target=\"_blank\" rel=\"noopener\">http:\/\/www.youronlinechoices.com\/<\/a>.<\/p>\n<p><strong>3. TYPES DE COOKIES.<\/strong><\/p>\n<ul>\n<li><span>Des\u00a0<strong>cookies strictement n\u00e9cessaires<\/strong>\u00a0sont n\u00e9cessaires pour permettre la navigation et les fonctions associ\u00e9es. Ces cookies ne vous identifient pas en tant qu&rsquo;individu. Si vous refusez ces cookies, diverses fonctions du site Web seront totalement ou partiellement perturb\u00e9es.<\/span><\/li>\n<li><span>Les\u00a0<strong>cookies fonctionnels<\/strong>\u00a0am\u00e9liorent la convivialit\u00e9 du site Web en m\u00e9morisant vos choix (par exemple, langue pr\u00e9f\u00e9r\u00e9e). Cela rendra certains param\u00e8tres \u00eatre personnalis\u00e9s \u00e0 votre demande. Si ces cookies ne sont pas accept\u00e9s, cela peut affecter les performances et les fonctionnalit\u00e9s du site Web et limiter l&rsquo;acc\u00e8s au contenu du site.<\/span><\/li>\n<li><span>Les\u00a0<strong>cookies de performance \/ d&rsquo;analyse<\/strong>\u00a0collectent des donn\u00e9es sur l&rsquo;utilisation d&rsquo;un site Web, telles que le nombre de visiteurs, le temps pass\u00e9 par les visiteurs sur une page Web et les \u00e9ventuels messages d&rsquo;erreur. Ils aident Beltaste \u00e0 am\u00e9liorer les performances du site. Ces cookies ne vous identifient pas en tant qu&rsquo;individu.<\/span><\/li>\n<li><span>Les\u00a0<strong>cookies publicitaires<\/strong>\u00a0sont utilis\u00e9s pour fournir du contenu qui est pertinent pour vous. Ils peuvent \u00eatre utilis\u00e9s pour diffuser des publicit\u00e9s cibl\u00e9es ou pour limiter le nombre de fois que vous voyez une publicit\u00e9. Ils nous aident \u00e9galement \u00e0 mesurer l&rsquo;efficacit\u00e9 des campagnes publicitaires sur le site Web Beltaste. Nous pouvons utiliser ces cookies pour nous souvenir des sites Web que vous avez visit\u00e9s et partager ces informations avec d&rsquo;autres parties, y compris les annonceurs et nos agences.<\/span><\/li>\n<li><span>Les\u00a0<strong>cookies tiers<\/strong>\u00a0sont des cookies envoy\u00e9s \u00e0 votre navigateur par un serveur ou un domaine non g\u00e9r\u00e9 par Beltaste, mais par une organisation collaboratrice. Seuls ces tiers ont acc\u00e8s \u00e0 ces cookies et aux informations recueillies par le cookie.<\/span><\/li>\n<\/ul>\n<p><strong>4. QUELLE TYPE DE COOKIES UTILISE SUR WWW.VANREUSEL.BE?<\/strong><\/p>\n<p><strong>NOM COOKIE<\/strong><\/p>\n<p><strong>COOKIE TYPE<\/strong><\/p>\n<p><strong>BUT COOKIE<\/strong><\/p>\n<p><strong>PRIVACY POLICY<\/strong><\/p>\n<p>NID _icl_current_language<\/p>\n<p>Cookie strictement n\u00e9cessaires<\/p>\n<p>Ce cookie est associ\u00e9 \u00e0 un plug-in multilingue WordPress de WPML. Le cookie enregistre le choix de la langue.<\/p>\n<p>PHPSESSID<\/p>\n<p>Cookie strictement n\u00e9cessaires<\/p>\n<p>Ce cookie de session est utilis\u00e9 par d\u00e9faut par PHP dans la communication entre le serveur Web et le navigateur. Chaque visiteur re\u00e7oit un identifiant unique et automatique de PHP.<\/p>\n<p>PHP est un langage de programmation utilis\u00e9 dans la communication entre votre navigateur et le serveur Web o\u00f9 ce site est publi\u00e9. Sans cette communication, vous ne pouvez pas lire le site.<\/p>\n<p><strong>NOM COOKIE<\/strong><\/p>\n<p><strong>COOKIE TYPE<\/strong><\/p>\n<p><strong>BUT COOKIE<\/strong><\/p>\n<p><strong>PRIVACY POLICY<\/strong><\/p>\n<p>CONSENT<\/p>\n<p>Cookie<\/p>\n<p>publicitaire<\/p>\n<p>Ce cookie partage des informations sur la fa\u00e7on dont l&rsquo;utilisateur final utilise le site Web et toutes les publicit\u00e9s que l&rsquo;utilisateur final a vues avant de visiter ledit site Web.<\/p>\n<p><a href=\"https:\/\/policies.google.com\/technologies\/types\" target=\"_blank\" rel=\"noopener\">link<\/a><\/p>\n<p>__atuvc, __atuvs<\/p>\n<p>Cookie<\/p>\n<p>Publicitaire<\/p>\n<p>Ces cookies sont plac\u00e9s par AddThis. AddThis utilise des cookies pour garder une trace des sites Web qui utilisent AddThis qu&rsquo;un visiteur visite.<\/p>\n<p><a href=\"http:\/\/www.addthis.com\/privacy\" target=\"_blank\" rel=\"noopener\">link<\/a><\/p>\n<p>Loc, ssc, uvc<\/p>\n<p>Cookie<\/p>\n<p>publicitaire<\/p>\n<p>Il s&rsquo;agit de cookies tiers <a href=\"http:\/\/www.addthis.com\/\" target=\"_blank\" rel=\"noopener\">http:\/\/www.addthis.com<\/a> qui sont utilis\u00e9s pour permettre aux visiteurs de partager notre contenu en ligne avec des sites de m\u00e9dias sociaux.<\/p>\n<p>Nous avons pris des mesures pr\u00e9ventives pour emp\u00eacher AddThis de placer des cookies jusqu&rsquo;\u00e0 ce que vous cliquiez sur les boutons sociaux.<\/p>\n<p><a href=\"http:\/\/www.addthis.com\/privacy\" target=\"_blank\" rel=\"noopener\">link<\/a><\/p>\n<p>[\/et_pb_text][\/et_pb_column][\/et_pb_row][\/et_pb_section]<\/p>\n","protected":false},"excerpt":{"rendered":"<p>Politique en mati\u00e8re de cookiesCOOKIE POLICY BELTASTE HAMONT NVSurfez sur www.vanreusel.be? Notre site Web peut automatiquement placer des \u00ab\u00a0cookies\u00a0\u00bb sur votre appareil. De cette mani\u00e8re, nous am\u00e9liorons votre exp\u00e9rience de navigation: les cookies permettent \u00e0 notre site Web de mieux fonctionner et s\u2019assurent que le site Web soit adapt\u00e9 \u00e0 vos souhaits et \u00e0 vos pr\u00e9f\u00e9rences. Ce document d\u00e9crit ce que sont les cookies et comment ils sont utilis\u00e9s par Beltaste Hamont NV, ci-apr\u00e8s d\u00e9nomm\u00e9 \u2018D\u00e9claration de cookie\u2019. Cette d\u00e9claration de cookie s&rsquo;applique au site Web www.vanreusel.be, qui est g\u00e9r\u00e9 par Beltaste Hamont NV, dont le si\u00e8ge social est situ\u00e9 \u00e0 Lozenweg 30, 3930 Hamont et le num\u00e9ro d&rsquo;entreprise BE 0416.421.682. Nous nous r\u00e9servons le droit d&rsquo;apporter des modifications \u00e0 cette d\u00e9claration de cookie \u00e0 tout moment. Pour \u00eatre tenu inform\u00e9 de tout changement, vous devez consulter r\u00e9guli\u00e8rement la d\u00e9claration relative aux cookies. Cette d\u00e9claration de cookie a \u00e9t\u00e9 modifi\u00e9e pour la derni\u00e8re fois le 9 janvier 2019. CONTENU QUELS SONT LES COOKIES? G\u00c9RER LES COOKIES. TYPES DE COOKIES. QUELLE TYPE DE COOKIES UTILISE SUR WWW.VANREUSEL.BE? 1. QUELS SONT LES COOKIES? Les cookies sont de petits fichiers texte qui sont stock\u00e9s sur votre ordinateur lorsque vous visitez un site Web. [&hellip;]<\/p>\n","protected":false},"author":1,"featured_media":0,"parent":0,"menu_order":0,"comment_status":"closed","ping_status":"closed","template":"","meta":{"_acf_changed":false,"_et_pb_use_builder":"on","_et_pb_old_content":"","_et_gb_content_width":"","inline_featured_image":false,"footnotes":""},"class_list":["post-8412","page","type-page","status-publish","hentry"],"acf":[],"aioseo_notices":[],"_links":{"self":[{"href":"https:\/\/www.vanreusel.eu\/fr\/wp-json\/wp\/v2\/pages\/8412","targetHints":{"allow":["GET"]}}],"collection":[{"href":"https:\/\/www.vanreusel.eu\/fr\/wp-json\/wp\/v2\/pages"}],"about":[{"href":"https:\/\/www.vanreusel.eu\/fr\/wp-json\/wp\/v2\/types\/page"}],"author":[{"embeddable":true,"href":"https:\/\/www.vanreusel.eu\/fr\/wp-json\/wp\/v2\/users\/1"}],"replies":[{"embeddable":true,"href":"https:\/\/www.vanreusel.eu\/fr\/wp-json\/wp\/v2\/comments?post=8412"}],"version-history":[{"count":6,"href":"https:\/\/www.vanreusel.eu\/fr\/wp-json\/wp\/v2\/pages\/8412\/revisions"}],"predecessor-version":[{"id":8431,"href":"https:\/\/www.vanreusel.eu\/fr\/wp-json\/wp\/v2\/pages\/8412\/revisions\/8431"}],"wp:attachment":[{"href":"https:\/\/www.vanreusel.eu\/fr\/wp-json\/wp\/v2\/media?parent=8412"}],"curies":[{"name":"wp","href":"https:\/\/api.w.org\/{rel}","templated":true}]}}