{"id":8401,"date":"2023-10-05T15:49:20","date_gmt":"2023-10-05T15:49:20","guid":{"rendered":"https:\/\/www.vanreusel.eu\/politique-de-confidentialite\/"},"modified":"2023-10-06T08:45:55","modified_gmt":"2023-10-06T08:45:55","slug":"politique-de-confidentialite","status":"publish","type":"page","link":"https:\/\/www.vanreusel.eu\/fr\/politique-de-confidentialite\/","title":{"rendered":"Politique de confidentialit\u00e9"},"content":{"rendered":"<p>[et_pb_section fb_built=\u00a0\u00bb1&Prime; admin_label=\u00a0\u00bbintro\u00a0\u00bb module_class=\u00a0\u00bbcategory-header\u00a0\u00bb _builder_version=\u00a0\u00bb4.21.2&Prime; _module_preset=\u00a0\u00bbdefault\u00a0\u00bb background_color=\u00a0\u00bb#FCD60F\u00a0\u00bb background_image=\u00a0\u00bbhttps:\/\/www.vanreusel.eu\/wp-content\/uploads\/2023\/06\/bg_yellow_header.png\u00a0\u00bb min_height=\u00a0\u00bb640px\u00a0\u00bb min_height_tablet=\u00a0\u00bb600px\u00a0\u00bb min_height_phone=\u00a0\u00bb400px\u00a0\u00bb min_height_last_edited=\u00a0\u00bbon|phone\u00a0\u00bb height=\u00a0\u00bb36vw\u00a0\u00bb custom_padding=\u00a0\u00bb||||false|false\u00a0\u00bb background_last_edited=\u00a0\u00bboff|tablet\u00a0\u00bb background_position_phone=\u00a0\u00bbcenter_left\u00a0\u00bb custom_css_main_element=\u00a0\u00bbdisplay: flex;\u00a0\u00bb da_disable_devices=\u00a0\u00bboff|off|off\u00a0\u00bb locked=\u00a0\u00bboff\u00a0\u00bb global_colors_info=\u00a0\u00bb{}\u00a0\u00bb da_is_popup=\u00a0\u00bboff\u00a0\u00bb da_exit_intent=\u00a0\u00bboff\u00a0\u00bb da_has_close=\u00a0\u00bbon\u00a0\u00bb da_alt_close=\u00a0\u00bboff\u00a0\u00bb da_dark_close=\u00a0\u00bboff\u00a0\u00bb da_not_modal=\u00a0\u00bbon\u00a0\u00bb da_is_singular=\u00a0\u00bboff\u00a0\u00bb da_with_loader=\u00a0\u00bboff\u00a0\u00bb da_has_shadow=\u00a0\u00bbon\u00a0\u00bb][et_pb_row admin_label=\u00a0\u00bbtext\u00a0\u00bb module_class=\u00a0\u00bbuw-row\u00a0\u00bb _builder_version=\u00a0\u00bb4.21.2&Prime; _module_preset=\u00a0\u00bbdefault\u00a0\u00bb width=\u00a0\u00bb100%\u00a0\u00bb max_width=\u00a0\u00bb1200px\u00a0\u00bb custom_margin=\u00a0\u00bb||||false|false\u00a0\u00bb custom_padding=\u00a0\u00bb|30px|0px|30px|false|false\u00a0\u00bb hover_enabled=\u00a0\u00bb0&Prime; global_colors_info=\u00a0\u00bb{}\u00a0\u00bb sticky_enabled=\u00a0\u00bb0&Prime;][et_pb_column type=\u00a0\u00bb4_4&Prime; _builder_version=\u00a0\u00bb4.20.2&Prime; _module_preset=\u00a0\u00bbdefault\u00a0\u00bb global_colors_info=\u00a0\u00bb{}\u00a0\u00bb][et_pb_text _builder_version=\u00a0\u00bb4.21.2&Prime; _module_preset=\u00a0\u00bbafe36eff-8cd5-468a-abf2-7bef034fc910&Prime; header_font_size=\u00a0\u00bb6rem\u00a0\u00bb header_font_size_tablet=\u00a0\u00bb4rem\u00a0\u00bb global_colors_info=\u00a0\u00bb{}\u00a0\u00bb]<\/p>\n<h1>Politique de<br \/>\nconfidentialit\u00e9<\/h1>\n<p>[\/et_pb_text][\/et_pb_column][\/et_pb_row][et_pb_row disabled_on=\u00a0\u00bboff|off|off\u00a0\u00bb admin_label=\u00a0\u00bbbg\u00a0\u00bb module_class=\u00a0\u00bb_ukiyo page-header-decor\u00a0\u00bb _builder_version=\u00a0\u00bb4.21.2&Prime; _module_preset=\u00a0\u00bbdefault\u00a0\u00bb background_enable_image=\u00a0\u00bboff\u00a0\u00bb background_size=\u00a0\u00bbcustom\u00a0\u00bb background_image_width=\u00a0\u00bb60%\u00a0\u00bb background_position=\u00a0\u00bbbottom_center\u00a0\u00bb positioning=\u00a0\u00bbabsolute\u00a0\u00bb position_origin_a=\u00a0\u00bbbottom_center\u00a0\u00bb width=\u00a0\u00bb100%\u00a0\u00bb max_width=\u00a0\u00bb100%\u00a0\u00bb height=\u00a0\u00bb100%\u00a0\u00bb custom_padding=\u00a0\u00bb0px|0px|0px|0px|false|false\u00a0\u00bb background_last_edited=\u00a0\u00bbon|tablet\u00a0\u00bb background_image_width_tablet=\u00a0\u00bb100%\u00a0\u00bb global_colors_info=\u00a0\u00bb{}\u00a0\u00bb][et_pb_column type=\u00a0\u00bb4_4&Prime; _builder_version=\u00a0\u00bb4.21.2&Prime; _module_preset=\u00a0\u00bbdefault\u00a0\u00bb global_colors_info=\u00a0\u00bb{}\u00a0\u00bb][\/et_pb_column][\/et_pb_row][\/et_pb_section][et_pb_section fb_built=\u00a0\u00bb1&Prime; custom_padding_last_edited=\u00a0\u00bbon|desktop\u00a0\u00bb _builder_version=\u00a0\u00bb4.21.2&Prime; _module_preset=\u00a0\u00bbdefault\u00a0\u00bb custom_padding=\u00a0\u00bb5rem||5rem||false|false\u00a0\u00bb custom_padding_tablet=\u00a0\u00bb5rem||5rem||false|false\u00a0\u00bb custom_padding_phone=\u00a0\u00bb2rem||2rem||false|false\u00a0\u00bb da_disable_devices=\u00a0\u00bboff|off|off\u00a0\u00bb global_colors_info=\u00a0\u00bb{}\u00a0\u00bb da_is_popup=\u00a0\u00bboff\u00a0\u00bb da_exit_intent=\u00a0\u00bboff\u00a0\u00bb da_has_close=\u00a0\u00bbon\u00a0\u00bb da_alt_close=\u00a0\u00bboff\u00a0\u00bb da_dark_close=\u00a0\u00bboff\u00a0\u00bb da_not_modal=\u00a0\u00bbon\u00a0\u00bb da_is_singular=\u00a0\u00bboff\u00a0\u00bb da_with_loader=\u00a0\u00bboff\u00a0\u00bb da_has_shadow=\u00a0\u00bbon\u00a0\u00bb][et_pb_row custom_padding_last_edited=\u00a0\u00bbon|phone\u00a0\u00bb _builder_version=\u00a0\u00bb4.21.2&Prime; _module_preset=\u00a0\u00bbdefault\u00a0\u00bb width=\u00a0\u00bb100%\u00a0\u00bb max_width=\u00a0\u00bb980px\u00a0\u00bb custom_padding=\u00a0\u00bb|30px||30px|false|false\u00a0\u00bb custom_padding_tablet=\u00a0\u00bb|30px||30px|false|false\u00a0\u00bb custom_padding_phone=\u00a0\u00bb|20px||20px|false|false\u00a0\u00bb global_colors_info=\u00a0\u00bb{}\u00a0\u00bb][et_pb_column type=\u00a0\u00bb4_4&Prime; _builder_version=\u00a0\u00bb4.21.2&Prime; _module_preset=\u00a0\u00bbdefault\u00a0\u00bb global_colors_info=\u00a0\u00bb{}\u00a0\u00bb][et_pb_text _builder_version=\u00a0\u00bb4.21.2&Prime; _module_preset=\u00a0\u00bbdeb527a8-9392-4c08-b1e8-b4ebdefc5ba5&Prime; text_text_color=\u00a0\u00bb#CE3046&Prime; header_3_text_align=\u00a0\u00bbleft\u00a0\u00bb header_3_text_color=\u00a0\u00bb#0A0101&Prime; custom_margin_tablet=\u00a0\u00bb\u00a0\u00bb custom_margin_phone=\u00a0\u00bb||1rem||false|false\u00a0\u00bb custom_margin_last_edited=\u00a0\u00bbon|phone\u00a0\u00bb global_colors_info=\u00a0\u00bb{}\u00a0\u00bb]D\u00c9CLARATION DE CONFIDENTIALITE BELTASTE HAMONT NV \u2013 VANREUSEL SNACKS[\/et_pb_text][et_pb_text _builder_version=\u00a0\u00bb4.21.2&Prime; _module_preset=\u00a0\u00bbdeb527a8-9392-4c08-b1e8-b4ebdefc5ba5&Prime; header_3_text_align=\u00a0\u00bbleft\u00a0\u00bb header_3_text_color=\u00a0\u00bb#0A0101&Prime; global_colors_info=\u00a0\u00bb{}\u00a0\u00bb]<\/p>\n<p>Beltaste Hamont NV (ci-apr\u00e8s \u2018Beltaste\u2019) attache une grande importance \u00e0 la protection de la vie priv\u00e9e et des donn\u00e9es personnelles. Avec cette d\u00e9claration de confidentialit\u00e9 (appel\u00e9e \u2018d\u00e9claration de confidentialit\u00e9\u2019), Beltaste souhaite informer l&rsquo;utilisateur de mani\u00e8re d\u00e9taill\u00e9e sur le traitement de ses donn\u00e9es personnelles et des droits attach\u00e9s lors de l&rsquo;utilisation de BELTASTE.<\/p>\n<p>Nous nous r\u00e9servons le droit de modifier cette politique de confidentialit\u00e9. Nous vous recommandons de lire attentivement cette d\u00e9claration de confidentialit\u00e9.<\/p>\n<p>Cette politique de confidentialit\u00e9 a \u00e9t\u00e9 modifi\u00e9e pour la derni\u00e8re fois le 9 Janvier 2019.<\/p>\n<p>Contenu<\/p>\n<p><strong>A QUI S&rsquo;APPLIQUE CETTE DECLARATION DE CONFIDENTIALITE?<\/strong><br \/><strong>D\u00c9TAILS DE CONTACT BELTASTE<\/strong><br \/><strong>CE QUI SIGNIFIE &#8230;<\/strong><br \/><strong>QUI EST RESPONSABLE DU TRAITEMENT?<\/strong><br \/><strong>QUELLES DONN\u00c9ES PERSONNELLES SONT TRAIT\u00c9ES PAR BELTASTE?<\/strong><br \/><strong>AVEC QUI PARTAGEONS-NOUS VOS DONN\u00c9ES PERSONELLES?<\/strong><br \/><strong>SECURITE DE VOS DONN\u00c9ES PERSONELLES<\/strong><br \/><strong>CONSERVER VOS DONN\u00c9ES PERSONELLES<\/strong><br \/><strong>COOKIES<\/strong><br \/><strong>QUELS SONT MES DROITS ET COMMENT PUIS-JE LES EXERCER?<\/strong><\/p>\n<p>1. A QUI S&rsquo;APPLIQUE CETTE DECLARATION DE CONFIDENTIALITE?<\/p>\n<p>La pr\u00e9sente d\u00e9claration de confidentialit\u00e9 s\u2019applique \u00e0 tous les clients directs, visiteurs ou au site Web, quelqu&rsquo;un qui postule chez Beltaste et au site ou \u00e0 Beltaste qui et chaque personne ou qui Beltaste traite des donn\u00e9es personnelles.<\/p>\n<p>2. D\u00c9TAILS DE CONTACT BELTASTE<\/p>\n<p>Beltaste Hamont NV<\/p>\n<p>Lozenweg 30<\/p>\n<p>3930 Hamont<\/p>\n<p>BE 0416.421.682<\/p>\n<p><a href=\"mailto:info@beltaste.be\">info@beltaste.be<\/a><\/p>\n<p>+32 (0)11.44.04.60<\/p>\n<p>3. CE QUI SIGNIFIE &#8230;<\/p>\n<p><strong>Traitement des donn\u00e9es personnelles<\/strong><\/p>\n<p>Par \u2018traitement\u2019, nous entendons tout traitement ou tout ensemble d&rsquo;op\u00e9rations avec des donn\u00e9es \u00e0 caract\u00e8re personnel (qu&rsquo;ils soient ou non ex\u00e9cut\u00e9s \u00e0 l&rsquo;aide de processus automatis\u00e9s, tels que la collecte, l&rsquo;enregistrement, l&rsquo;organisation, le stockage, la mise \u00e0 jour, la modification, la r\u00e9cup\u00e9ration, la consultation, l&rsquo;utilisation, la fourniture au moyen de transmettre, distribuer ou mettre \u00e0 disposition de toute autre mani\u00e8re, r\u00e9unir, mettre en relation les uns avec les autres, ainsi que la protection, la suppression ou la destruction de donn\u00e9es \u00e0 caract\u00e8re personnel).<\/p>\n<p>Par \u2018donn\u00e9es personnelles\u2019, nous entendons toutes les informations relatives \u00e0 une personne physique identifi\u00e9e ou identifiable.<\/p>\n<p><strong>Un processeur<\/strong><\/p>\n<p>Le responsable du traitement est la personne physique, la personne morale, l&rsquo;association de fait ou l&rsquo;administration publique, qui traite des donn\u00e9es \u00e0 caract\u00e8re personnel pour le responsable du traitement, \u00e0 l&rsquo;exception des personnes autoris\u00e9es \u00e0 traiter les donn\u00e9es sous l&rsquo;autorit\u00e9 directe du responsable du traitement. \u00e0 traiter.<\/p>\n<p><strong>Un responsable du traitement<\/strong><\/p>\n<p>Un responsable du traitement est une personne physique, une personne morale, une association de fait ou une administration publique qui, seule ou conjointement avec d&rsquo;autres, d\u00e9termine les objectifs et les moyens juridiques et techniques du traitement des donn\u00e9es \u00e0 caract\u00e8re personnel.<\/p>\n<p>4. QUI EST RESPONSABLE DU TRAITEMENT?<\/p>\n<p>Beltaste est consid\u00e9r\u00e9 comme responsable du traitement lorsqu&rsquo;il d\u00e9termine l&rsquo;objectif et les moyens du traitement des donn\u00e9es \u00e0 caract\u00e8re personnel<\/p>\n<p>Seuls les cas o\u00f9 Beltaste agit en tant que contr\u00f4leur de donn\u00e9es sont r\u00e9gis par les articles 5 \u00e0 10 de la pr\u00e9sente d\u00e9claration de confidentialit\u00e9.<\/p>\n<p>Si vous \u00eates une personne concern\u00e9e, vous devez exercer vos droits, adressez-vous toujours au responsable du traitement (responsable du traitement).<\/p>\n<p>5. QUELLES DONN\u00c9ES PERSONNELLES SONT TRAIT\u00c9ES PAR BELTASTE?<\/p>\n<p>&#8230; sur la base de l&rsquo;ex\u00e9cution d&rsquo;un accord auquel vous \u00eates partie prenante, \u00e0 votre demande avant la conclusion d&rsquo;un accord.<\/p>\n<p><strong>Lorsque vous remplissez le formulaire de contact sur le site web.<\/strong><br \/>Si vous souhaitez plus d&rsquo;informations sur les services ou Beltaste, il est possible via un formulaire web sur le site web de contacter Beltaste. Ses donn\u00e9es d&rsquo;identification personnelle sont trait\u00e9es afin de vous fournir une r\u00e9ponse correcte.<\/p>\n<p><strong>Lors du traitement d&rsquo;une commande<\/strong><\/p>\n<p>Si vous achetez des produits ou des services aupr\u00e8s de Beltaste, les donn\u00e9es d&rsquo;identification personnelle et les donn\u00e9es d&rsquo;identification seront trait\u00e9es en fonction du traitement correct de la commande.<\/p>\n<p><strong>Lors de l&rsquo;application avec Beltaste.<\/strong><\/p>\n<p>Beltaste recherche r\u00e9guli\u00e8rement de nouveaux employ\u00e9s enthousiastes et motiv\u00e9s pour renforcer notre \u00e9quipe. Les donn\u00e9es personnelles telles que les donn\u00e9es d&rsquo;identification, les comp\u00e9tences, le curriculum vitae sont trait\u00e9es lors de la proc\u00e9dure de candidature.<\/p>\n<p>&#8230; bas\u00e9 sur votre permission.<\/p>\n<p>Lors du traitement de donn\u00e9es personnelles sur la base de votre consentement, vous avez toujours le droit de retirer votre consentement. Voir 10. QUELS SONT MES DROITS ET COMMENT PUIS-JE LES EXERCER?<\/p>\n<p><strong>Lors de votre inscription \u00e0 la newsletter.<\/strong><\/p>\n<p>Il est possible de s&rsquo;abonner \u00e0 la newsletter via le site web. Ici, les donn\u00e9es d&rsquo;identification personnelle sont trait\u00e9es.<\/p>\n<p><strong>Utilisation de mat\u00e9riel visuel cibl\u00e9 sur les m\u00e9dias sociaux et le site Web.<\/strong><\/p>\n<p>Lorsque vous publiez des images sp\u00e9cifiques sur les m\u00e9dias sociaux et le site Web ou BELTASTE, votre permission sera toujours demand\u00e9e. Par mat\u00e9riel visuel cibl\u00e9, nous entendons des images dans lesquelles la personne est clairement identifi\u00e9e (gros plan, image centr\u00e9e sur une personne sp\u00e9cifique, photo pos\u00e9e, &#8230;)<\/p>\n<p><strong>Votre CV est stock\u00e9 dans la r\u00e9serve de recrutement.<\/strong><\/p>\n<p>Peut-\u00eatre que BELTASTE souhaite conserver plus longtemps le CV d&rsquo;un candidat non retenu pour la construction d&rsquo;une r\u00e9serve de recrutement.<\/p>\n<p>&#8230; bas\u00e9 sur une obligation l\u00e9gale.<\/p>\n<p><strong>Utiliser les donn\u00e9es de sant\u00e9 lors d&rsquo;une visite organis\u00e9e.<\/strong><\/p>\n<p>Lors d\u2019une visite organis\u00e9e sur le site de Beltaste, il sera demand\u00e9 \u00e0 chaque visiteur des donn\u00e9es de sant\u00e9 dans le but de surveiller la s\u00e9curit\u00e9 alimentaire et de r\u00e9pondre aux exigences de Food Defence.<\/p>\n<p>&#8230; en fonction de l&rsquo;int\u00e9r\u00eat l\u00e9gitime de Beltaste.<\/p>\n<p><strong>Utilisation des images de la cam\u00e9ra dans et autour des b\u00e2timents de Beltaste.<\/strong><\/p>\n<p>Dans et autour les b\u00e2timents de BELTASTE, des cam\u00e9ras sont install\u00e9s dans le but de pr\u00e9venir, d&rsquo;\u00e9tablir ou de d\u00e9tecter les crimes contre les personnes, les biens ou la nuisance, ou de maintenir l&rsquo;ordre public. Les images sont collect\u00e9es, trait\u00e9es et stock\u00e9es \u00e0 cet effet.<\/p>\n<p><strong>Conservez une liste de pr\u00e9sence lorsque vous entrez sur le site ou dans Beltaste.<\/strong><\/p>\n<p>En entrant dans les b\u00e2timents de BELTASTE \u00e0 Beringen , chaque visiteur \/ invit\u00e9 sera invit\u00e9 \u00e0 se connecter et \u00e0 s&rsquo;inscrire dans un \u00abregistre de pr\u00e9sence\u00bb dans le but de disposer d&rsquo;une vue d&rsquo;ensemble de toutes les personnes pr\u00e9sentes en fonction de la s\u00e9curit\u00e9. Ici, les donn\u00e9es d&rsquo;identification personnelle sont trait\u00e9es.<\/p>\n<p><strong>Utilisation d&rsquo;images atmosph\u00e9riques sur les m\u00e9dias sociaux et le site Web.<\/strong><br \/>BELTASTE place r\u00e9guli\u00e8rement des images de l&rsquo;atmosph\u00e8re sur les m\u00e9dias sociaux et sur le site web ou BELTASTE. Les images atmosph\u00e9riques sont des images de l&rsquo;intention de montrer clairement une ou plusieurs personnes, mais sont destin\u00e9es \u00e0 tracer une image g\u00e9n\u00e9rale de l&rsquo;atmosph\u00e8re.<\/p>\n<p><strong>Envoi de marketing direct.<\/strong><\/p>\n<p>Beltaste envoie du marketing direct et traite des donn\u00e9es d&rsquo;identification personnelles. Beltaste respecte les r\u00e9glementations en vigueur, c&rsquo;est-\u00e0-dire que seul le marketing direct est envoy\u00e9 s&rsquo;il existe une relation client, en ce qui concerne les m\u00eames produits ou services que ceux fournis par Beltaste et lorsque la personne concern\u00e9e a \u00e9t\u00e9 en mesure de se d\u00e9sabonner des informations lors de la collecte des informations. De plus, dans chaque courrier, il sera possible de se d\u00e9sabonner..<\/p>\n<p>6. AVEC QUI PARTAGEONS-NOUS VOS DONN\u00c9ES PERSONNELLES?<\/p>\n<p>Nous ne partageons pas vos donn\u00e9es personnelles avec des tiers, sauf (i) si nous avons re\u00e7u votre consentement pr\u00e9alable, (ii) nous sommes oblig\u00e9s de le faire dans le cadre d&rsquo;un r\u00e8glement ou d&rsquo;une proc\u00e9dure judiciaire, ou (iii) nous sommes invit\u00e9s \u00e0 le faire ainsi par les autorit\u00e9s l\u00e9gislatives ou judiciaires. .<\/p>\n<p>Nous faisons appel \u00e0 certains sous-traitants afin de leur confier certains de nos services. Ces sous-traitants ne sont pas consid\u00e9r\u00e9s comme des tiers. Nous veillons \u00e0 ce que ces sous-traitants prennent les mesures techniques et organisationnelles n\u00e9cessaires pour traiter vos donn\u00e9es personnelles de mani\u00e8re l\u00e9gale et l\u00e9gitime et ne doivent en aucun cas les divulguer \u00e0 des tiers.<\/p>\n<p>7. SECURITE DE VOS DONN\u00c9ES PERSONNELLES<\/p>\n<p>Beltaste reconna\u00eet que la s\u00e9curit\u00e9 ou les donn\u00e9es personnelles font partie de la protection des donn\u00e9es. Par cons\u00e9quent, Beltaste prend les mesures techniques et organisationnelles appropri\u00e9es pour prot\u00e9ger vos donn\u00e9es personnelles contre un traitement ou un acc\u00e8s non autoris\u00e9, afin de pr\u00e9venir les utilisations abusives.<\/p>\n<p>Lors de tout transfert de donn\u00e9es \u00e0 caract\u00e8re personnel \u00e0 un processeur en dehors de l&rsquo;Espace \u00e9conomique europ\u00e9en (EEE), Beltaste fera ceci toujours en conformit\u00e9 avec les conditions de cette d\u00e9claration de confidentialit\u00e9 et Beltaste respecte les lois et r\u00e9glementations applicables en mati\u00e8re de protection des donn\u00e9es afin d\u2019assurer des garanties ad\u00e9quates.<\/p>\n<p>8. CONSERVER VOS DONN\u00c9ES PERSONNELLES<\/p>\n<p>Beltaste ne conservera vos informations personnelles que pendant la p\u00e9riode minimale n\u00e9cessaire pour atteindre les objectifs d\u00e9finis dans la pr\u00e9sente d\u00e9claration de confidentialit\u00e9. Sauf si n\u00e9cessaire pour r\u00e9soudre les litiges ou si une p\u00e9riode de stockage plus longue est requise par la loi. Les informations non personnelles peuvent \u00eatre conserv\u00e9es \u00e0 temps sans restriction \u00e0 des fins statistiques.<\/p>\n<p>9. COOKIES<\/p>\n<p>Les cookies sont des fichiers texte plac\u00e9s sur votre ordinateur pour collecter des informations de journalisation Internet et comportementales standard. Ces informations sont utilis\u00e9es pour suivre le comportement des visiteurs du site Web et pour compiler des rapports statistiques sur le site Web.<\/p>\n<p>Vous trouverez plus d&rsquo;informations sur notre politique en mati\u00e8re de cookies sur: <a href=\"https:\/\/www.vanreusel.eu\/fr\/cookie-policy\/\">www.vanreusel.eu\/fr\/cookie-policy\/<\/a>.<\/p>\n<p>10. QUELS SONT MES DROITS ET COMMENT PUIS-JE L&rsquo;EXERCER?<\/p>\n<p>Comment pouvez-vous exercer vos droits ?<\/p>\n<p>Vous pouvez exercer vos droits en envoyant un e-mail \u00e0 <a href=\"mailto:privacy@beltaste.be\">privacy@beltaste.be<\/a>.<\/p>\n<p>Pour \u00e9viter toute divulgation non autoris\u00e9e de vos donn\u00e9es personnelles, Beltaste peut demander plus d\u2019informations pour v\u00e9rifier votre identit\u00e9.<\/p>\n<p>Beltaste a un mois pour r\u00e9pondre \u00e0 votre demande. Cette p\u00e9riode commence \u00e0 partir du moment o\u00f9 Beltaste a re\u00e7u votre demande et dispose de toutes les informations n\u00e9cessaires pour r\u00e9pondre \u00e0 votre demande.<\/p>\n<p>Beltaste fournira les informations demand\u00e9es gratuitement. Si les demandes sont sans fondement ou excessives, notamment en raison de leur caract\u00e8re r\u00e9p\u00e9titif, Beltaste peut facturer des frais raisonnables ou Beltaste peut refuser la demande.<\/p>\n<p>Si, pour une raison quelconque, vous supposez que Beltaste n&rsquo;a pas trait\u00e9 votre demande correctement, vous pouvez contacter Beltaste \u00e0 nouveau et nous rechercherons une solution avec vous.<\/p>\n<p>Par souci d&rsquo;exhaustivit\u00e9, nous vous informons que si Beltaste ne r\u00e9pond pas \u00e0 votre demande, s&rsquo;il refuse ou si notre r\u00e9ponse ne r\u00e9pond pas \u00e0 vos attentes, vous avez toujours le droit de d\u00e9poser une plainte aupr\u00e8s de l&rsquo;autorit\u00e9 de protection des donn\u00e9es (anciennement connue sous le nom de Commission de la protection de la vie priv\u00e9e). ), Rue de la Loi 35, 1000 Bruxelles, T\u00e9l. +32 (0) 2 274 48 00, ou via l\u2019adresse mail <a href=\"mailto:contact@apd-gba.be\">contact@apd-gba.be<\/a>.<\/p>\n<p><strong>Quel sont vos droits?<\/strong><\/p>\n<ul>\n<li><span>Droit d&rsquo;acc\u00e8s: vous pouvez nous demander quelles donn\u00e9es personnelles nous traitons, pour lesquelles nous les traitons, quelles cat\u00e9gories de donn\u00e9es personnelles nous traitons, avec quelles cat\u00e9gories de tiers nous partageons vos donn\u00e9es personnelles, l&rsquo;origine des donn\u00e9es trait\u00e9es et &#8211; quand application &#8211; la logique que nous utilisons lors du traitement automatique de donn\u00e9es \u00e0 caract\u00e8re personnel.<\/span><\/li>\n<li><span>Droit de rectification: Si les informations ne sont pas correctes, vous pouvez nous demander de les corriger.<\/span><\/li>\n<li><span>Droit de suppression de vos donn\u00e9es: Si les donn\u00e9es ne sont pas trait\u00e9es l\u00e9galement ou si vos donn\u00e9es ne sont plus n\u00e9cessaires aux fins pour lesquelles elles ont \u00e9t\u00e9 collect\u00e9es, vous pouvez nous demander de supprimer vos donn\u00e9es.<\/span><\/li>\n<li><span>Droit de limiter le traitement: en limitant le traitement de vos donn\u00e9es personnelles, vos donn\u00e9es personnelles peuvent toujours \u00eatre conserv\u00e9es, mais leur utilisation est limit\u00e9e. Lorsque vous avez demand\u00e9 une restriction de traitement, nous ne pouvons stocker que vos donn\u00e9es. Cela signifie qu&rsquo;aucune autre transaction ne peut avoir lieu avec vos donn\u00e9es.<\/span><\/li>\n<li><span>Droit d&rsquo;opposition: vous avez le droit de vous opposer au traitement de vos donn\u00e9es si ce traitement est fond\u00e9 sur un int\u00e9r\u00eat g\u00e9n\u00e9ral ou sur l&rsquo;int\u00e9r\u00eat l\u00e9gitime de la personne qui traite vos donn\u00e9es. De plus, vous pouvez \u00e9galement exercer ce droit de contestation si vos donn\u00e9es personnelles sont trait\u00e9es \u00e0 des fins de marketing direct. Ce droit d\u2019appel s\u2019applique \u00e9galement au profilage qui constitue la base du traitement \u00e0 des fins de marketing direct.<\/span><\/li>\n<li><span>Droit de retrait du consentement: Si le traitement de vos donn\u00e9es personnelles est bas\u00e9 sur l&rsquo;autorisation de base, vous avez le droit de retirer cette autorisation \u00e0 tout moment.<\/span><\/li>\n<li><span>Le droit de transf\u00e9rer des donn\u00e9es: vous avez le droit d&rsquo;obtenir vos donn\u00e9es personnelles sous une forme standard, structur\u00e9e et lisible par machine et vous avez le droit de transf\u00e9rer ces donn\u00e9es personnelles \u00e0 un autre responsable du traitement en fonction du traitement. autorisation l\u00e9gale ou relation contractuelle.<\/span><\/li>\n<\/ul>\n<p>[\/et_pb_text][\/et_pb_column][\/et_pb_row][\/et_pb_section]<\/p>\n","protected":false},"excerpt":{"rendered":"<p>Politique de confidentialit\u00e9D\u00c9CLARATION DE CONFIDENTIALITE BELTASTE HAMONT NV \u2013 VANREUSEL SNACKSBeltaste Hamont NV (ci-apr\u00e8s \u2018Beltaste\u2019) attache une grande importance \u00e0 la protection de la vie priv\u00e9e et des donn\u00e9es personnelles. Avec cette d\u00e9claration de confidentialit\u00e9 (appel\u00e9e \u2018d\u00e9claration de confidentialit\u00e9\u2019), Beltaste souhaite informer l&rsquo;utilisateur de mani\u00e8re d\u00e9taill\u00e9e sur le traitement de ses donn\u00e9es personnelles et des droits attach\u00e9s lors de l&rsquo;utilisation de BELTASTE. Nous nous r\u00e9servons le droit de modifier cette politique de confidentialit\u00e9. Nous vous recommandons de lire attentivement cette d\u00e9claration de confidentialit\u00e9. Cette politique de confidentialit\u00e9 a \u00e9t\u00e9 modifi\u00e9e pour la derni\u00e8re fois le 9 Janvier 2019. Contenu A QUI S&rsquo;APPLIQUE CETTE DECLARATION DE CONFIDENTIALITE?D\u00c9TAILS DE CONTACT BELTASTECE QUI SIGNIFIE &#8230;QUI EST RESPONSABLE DU TRAITEMENT?QUELLES DONN\u00c9ES PERSONNELLES SONT TRAIT\u00c9ES PAR BELTASTE?AVEC QUI PARTAGEONS-NOUS VOS DONN\u00c9ES PERSONELLES?SECURITE DE VOS DONN\u00c9ES PERSONELLESCONSERVER VOS DONN\u00c9ES PERSONELLESCOOKIESQUELS SONT MES DROITS ET COMMENT PUIS-JE LES EXERCER? 1. A QUI S&rsquo;APPLIQUE CETTE DECLARATION DE CONFIDENTIALITE? La pr\u00e9sente d\u00e9claration de confidentialit\u00e9 s\u2019applique \u00e0 tous les clients directs, visiteurs ou au site Web, quelqu&rsquo;un qui postule chez Beltaste et au site ou \u00e0 Beltaste qui et chaque personne ou qui Beltaste traite des donn\u00e9es personnelles. 2. D\u00c9TAILS DE CONTACT BELTASTE Beltaste Hamont NV Lozenweg 30 3930 Hamont [&hellip;]<\/p>\n","protected":false},"author":1,"featured_media":0,"parent":0,"menu_order":0,"comment_status":"closed","ping_status":"closed","template":"","meta":{"_acf_changed":false,"_et_pb_use_builder":"on","_et_pb_old_content":"","_et_gb_content_width":"","inline_featured_image":false,"footnotes":""},"class_list":["post-8401","page","type-page","status-publish","hentry"],"acf":[],"aioseo_notices":[],"_links":{"self":[{"href":"https:\/\/www.vanreusel.eu\/fr\/wp-json\/wp\/v2\/pages\/8401","targetHints":{"allow":["GET"]}}],"collection":[{"href":"https:\/\/www.vanreusel.eu\/fr\/wp-json\/wp\/v2\/pages"}],"about":[{"href":"https:\/\/www.vanreusel.eu\/fr\/wp-json\/wp\/v2\/types\/page"}],"author":[{"embeddable":true,"href":"https:\/\/www.vanreusel.eu\/fr\/wp-json\/wp\/v2\/users\/1"}],"replies":[{"embeddable":true,"href":"https:\/\/www.vanreusel.eu\/fr\/wp-json\/wp\/v2\/comments?post=8401"}],"version-history":[{"count":6,"href":"https:\/\/www.vanreusel.eu\/fr\/wp-json\/wp\/v2\/pages\/8401\/revisions"}],"predecessor-version":[{"id":8432,"href":"https:\/\/www.vanreusel.eu\/fr\/wp-json\/wp\/v2\/pages\/8401\/revisions\/8432"}],"wp:attachment":[{"href":"https:\/\/www.vanreusel.eu\/fr\/wp-json\/wp\/v2\/media?parent=8401"}],"curies":[{"name":"wp","href":"https:\/\/api.w.org\/{rel}","templated":true}]}}